{"id":948,"date":"2024-06-06T09:51:05","date_gmt":"2024-06-06T02:51:05","guid":{"rendered":"https:\/\/vietnam.cmtpalau.org\/?page_id=948"},"modified":"2024-06-06T10:21:20","modified_gmt":"2024-06-06T03:21:20","slug":"dao-tao-ban-dau","status":"publish","type":"page","link":"https:\/\/vietnam.cmtpalau.org\/?page_id=948","title":{"rendered":"D\u00e0o t\u1ea1o ban \u0111\u1ea7u"},"content":{"rendered":"<p>[et_pb_section fb_built=&#8221;1&#8243; theme_builder_area=&#8221;post_content&#8221; _builder_version=&#8221;4.20.4&#8243; _module_preset=&#8221;default&#8221; background_color=&#8221;RGBA(255,255,255,0)&#8221; hover_enabled=&#8221;0&#8243; sticky_enabled=&#8221;0&#8243;][et_pb_row _builder_version=&#8221;4.20.4&#8243; _module_preset=&#8221;default&#8221; column_structure=&#8221;3_4,1_4&#8243; theme_builder_area=&#8221;post_content&#8221; custom_padding=&#8221;0px|||||&#8221; hover_enabled=&#8221;0&#8243; sticky_enabled=&#8221;0&#8243;][et_pb_column _builder_version=&#8221;4.20.4&#8243; _module_preset=&#8221;default&#8221; type=&#8221;3_4&#8243; theme_builder_area=&#8221;post_content&#8221;][et_pb_text _builder_version=&#8221;4.20.4&#8243; _module_preset=&#8221;default&#8221; theme_builder_area=&#8221;post_content&#8221; text_font=&#8221;Magra||||||||&#8221; text_text_color=&#8221;#000000&#8243; text_orientation=&#8221;justified&#8221; text_font_size=&#8221;22px&#8221; hover_enabled=&#8221;0&#8243; sticky_enabled=&#8221;0&#8243;]<\/p>\n<p>Sau khi t\u1ed1t nghi\u1ec7p THPT ho\u1eb7c \u0110\u1ea1i H\u1ecdc\/cao \u0111\u1eb3ng\/ Trung c\u1ea5p, \u1ee9ng sinh s\u1ebd b\u01b0\u1edbc v\u00e0o nh\u1eefng giai \u0111o\u1ea1n sau:<\/p>\n<ul>\n<li><span><\/span>\u1ee8ng sinh : v\u00e0o ch\u01b0\u01a1ng tr\u00ecnh t\u00ecm hi\u1ec3u v\u00e0 \u0111\u1ec7 t\u1eed ( 1 \u0111\u1ebfn 2 n\u0103m) \u0111\u1ec3 gi\u00fap \u0111\u1ee1 trong vi\u1ec7c nh\u1eadn \u0111\u1ecbnh \u01a1n g\u1ecdi.<\/li>\n<li><span><\/span>Th\u1ec9nh sinh 1 n\u0103m , b\u1eaft \u0111\u1ea7u tr\u1ea3i nghi\u1ec7m cu\u1ed9c s\u1ed1ng c\u1ed9ng \u0111o\u00e0n, ph\u1ee5c v\u1ee5 v\u00e0 kh\u00e1m ph\u00e1 \u01a1n g\u1ecdi c\u1ee7a b\u1ea3n th\u00e2n.<\/li>\n<li><span><\/span>T\u1eadp sinh 2 n\u0103m: t\u1eadp sinh s\u1ebd tr\u1ea3i nghi\u1ec7m \u0111\u1eddi s\u1ed1ng th\u00e1nh hi\u1ebfn trong chi\u00eam nghi\u1ec7m, c\u1ea7u nguy\u1ec7n v\u00e0 ph\u1ee5c v\u1ee5.<\/li>\n<\/ul>\n<p>Sau \u0111\u00f3 \u1ee9ng sinh s\u1ebd tuy\u00ean kh\u1ea5n l\u1ea7n \u0111\u1ea7u.<\/p>\n<ul>\n<li><span><\/span>H\u1ecdc vi\u1ec7n c\u00f3 th\u1ec3 k\u00e9o d\u00e0i t\u1eeb 5 \u0111\u1ebfn 9 n\u0103m . C\u00e1c n\u1eef tu s\u1ebd \u0111\u01b0\u1ee3c \u0111\u00e0o t\u1ea1o theo nh\u1eefng nhu c\u1ea7u c\u1ea7n thi\u1ebft, s\u1ed1ng trong c\u1ed9ng \u0111o\u00e0n v\u00e0 th\u1ef1c hi\u1ec7n s\u1ee9 v\u1ee5 ph\u1ee5c v\u1ee5. Khi \u0111\u00e3 \u0111\u1ea1t \u0111\u1ebfn s\u1ef1 tr\u01b0\u1edfng th\u00e0nh nh\u00e2n b\u1ea3n v\u00e0 t\u00e2m linh th\u00ec vi\u1ec7c kh\u1ea5n tr\u1ecdn \u0111\u01b0\u1ee3c th\u1ef1c hi\u1ec7n.<\/li>\n<\/ul>\n<ol>\n<li><span><\/span><strong>\u0110\u1ed1i t\u01b0\u1ee3ng :<\/strong><\/li>\n<\/ol>\n<ul>\n<li><span><\/span>T\u1ed1t nghi\u1ec7p 12, \u0111\u1ea1i h\u1ecdc\/ cao \u0111\u1eb3ng.<\/li>\n<li><span><\/span>Tu\u1ed5i t\u1eeb 18- 40.<\/li>\n<li><span><\/span>S\u1ee9c kh\u1ecfe t\u1ed1t, t\u00e2m l\u00fd qu\u00e2n b\u00ecnh v\u00e0 tinh th\u1ea7n h\u01b0\u1edbng thi\u1ec7n.<\/li>\n<\/ul>\n<p>[\/et_pb_text][\/et_pb_column][et_pb_column _builder_version=&#8221;4.20.4&#8243; _module_preset=&#8221;default&#8221; type=&#8221;1_4&#8243; theme_builder_area=&#8221;post_content&#8221;][et_pb_image src=&#8221;https:\/\/vietnam.cmtpalau.org\/wp-content\/uploads\/2024\/06\/20240303_190407-scaled.jpg&#8221; _builder_version=&#8221;4.20.4&#8243; _module_preset=&#8221;default&#8221; theme_builder_area=&#8221;post_content&#8221; title_text=&#8221;20240303_190407&#8243; hover_enabled=&#8221;0&#8243; sticky_enabled=&#8221;0&#8243;][\/et_pb_image][et_pb_image src=&#8221;https:\/\/vietnam.cmtpalau.org\/wp-content\/uploads\/2024\/06\/foto-novices.jpg&#8221; _builder_version=&#8221;4.20.4&#8243; _module_preset=&#8221;default&#8221; theme_builder_area=&#8221;post_content&#8221; title_text=&#8221;foto novices&#8221; hover_enabled=&#8221;0&#8243; sticky_enabled=&#8221;0&#8243;][\/et_pb_image][et_pb_image src=&#8221;https:\/\/vietnam.cmtpalau.org\/wp-content\/uploads\/2024\/06\/20210716_150218-scaled-1.webp&#8221; _builder_version=&#8221;4.20.4&#8243; _module_preset=&#8221;default&#8221; theme_builder_area=&#8221;post_content&#8221; title_text=&#8221;20210716_150218-scaled&#8221; hover_enabled=&#8221;0&#8243; sticky_enabled=&#8221;0&#8243;][\/et_pb_image][\/et_pb_column][\/et_pb_row][\/et_pb_section]<\/p>\n","protected":false},"excerpt":{"rendered":"<p>Sau khi t\u1ed1t nghi\u1ec7p THPT ho\u1eb7c \u0110\u1ea1i H\u1ecdc\/cao \u0111\u1eb3ng\/ Trung c\u1ea5p, \u1ee9ng sinh s\u1ebd b\u01b0\u1edbc v\u00e0o nh\u1eefng giai \u0111o\u1ea1n sau: \u1ee8ng sinh : v\u00e0o ch\u01b0\u01a1ng tr\u00ecnh t\u00ecm hi\u1ec3u v\u00e0 \u0111\u1ec7 t\u1eed ( 1 \u0111\u1ebfn 2 n\u0103m) \u0111\u1ec3 gi\u00fap \u0111\u1ee1 trong vi\u1ec7c nh\u1eadn \u0111\u1ecbnh \u01a1n g\u1ecdi. Th\u1ec9nh sinh 1 n\u0103m , b\u1eaft \u0111\u1ea7u tr\u1ea3i nghi\u1ec7m cu\u1ed9c [&hellip;]<\/p>\n","protected":false},"author":1,"featured_media":0,"parent":0,"menu_order":0,"comment_status":"closed","ping_status":"closed","template":"","meta":{"_et_pb_use_builder":"on","_et_pb_old_content":"","_et_gb_content_width":"","footnotes":""},"class_list":["post-948","page","type-page","status-publish","hentry"],"_links":{"self":[{"href":"https:\/\/vietnam.cmtpalau.org\/index.php?rest_route=\/wp\/v2\/pages\/948","targetHints":{"allow":["GET"]}}],"collection":[{"href":"https:\/\/vietnam.cmtpalau.org\/index.php?rest_route=\/wp\/v2\/pages"}],"about":[{"href":"https:\/\/vietnam.cmtpalau.org\/index.php?rest_route=\/wp\/v2\/types\/page"}],"author":[{"embeddable":true,"href":"https:\/\/vietnam.cmtpalau.org\/index.php?rest_route=\/wp\/v2\/users\/1"}],"replies":[{"embeddable":true,"href":"https:\/\/vietnam.cmtpalau.org\/index.php?rest_route=%2Fwp%2Fv2%2Fcomments&post=948"}],"version-history":[{"count":3,"href":"https:\/\/vietnam.cmtpalau.org\/index.php?rest_route=\/wp\/v2\/pages\/948\/revisions"}],"predecessor-version":[{"id":987,"href":"https:\/\/vietnam.cmtpalau.org\/index.php?rest_route=\/wp\/v2\/pages\/948\/revisions\/987"}],"wp:attachment":[{"href":"https:\/\/vietnam.cmtpalau.org\/index.php?rest_route=%2Fwp%2Fv2%2Fmedia&parent=948"}],"curies":[{"name":"wp","href":"https:\/\/api.w.org\/{rel}","templated":true}]}}