{"id":947,"date":"2024-06-06T09:51:05","date_gmt":"2024-06-06T02:51:05","guid":{"rendered":"https:\/\/vietnam.cmtpalau.org\/?page_id=947"},"modified":"2024-06-06T10:11:10","modified_gmt":"2024-06-06T03:11:10","slug":"linh-dao","status":"publish","type":"page","link":"https:\/\/vietnam.cmtpalau.org\/?page_id=947","title":{"rendered":"Linh D\u1ea1o"},"content":{"rendered":"<p>[et_pb_section fb_built=&#8221;1&#8243; theme_builder_area=&#8221;post_content&#8221; _builder_version=&#8221;4.20.4&#8243; _module_preset=&#8221;default&#8221; background_color=&#8221;RGBA(255,255,255,0)&#8221; hover_enabled=&#8221;0&#8243; sticky_enabled=&#8221;0&#8243;][et_pb_row _builder_version=&#8221;4.20.4&#8243; _module_preset=&#8221;default&#8221; column_structure=&#8221;2_3,1_3&#8243; theme_builder_area=&#8221;post_content&#8221;][et_pb_column _builder_version=&#8221;4.20.4&#8243; _module_preset=&#8221;default&#8221; type=&#8221;2_3&#8243; theme_builder_area=&#8221;post_content&#8221;][et_pb_text _builder_version=&#8221;4.20.4&#8243; _module_preset=&#8221;default&#8221; theme_builder_area=&#8221;post_content&#8221; text_font=&#8221;Magra||||||||&#8221; text_text_color=&#8221;#000000&#8243; text_font_size=&#8221;25px&#8221; text_orientation=&#8221;justified&#8221; hover_enabled=&#8221;0&#8243; sticky_enabled=&#8221;0&#8243;]<\/p>\n<p><em>\u0110\u1eddi s\u1ed1ng c\u1ea7u nguy\u1ec7n<\/em>: chi\u00eam ng\u1eafm M\u1ea7u nhi\u1ec7m Con Thi\u00ean Ch\u00faa l\u00e0 \u0110\u1ea7u H\u1ed9i Th\u00e1nh h\u1ee3p nh\u1ea5t v\u1edbi chi th\u1ec3 l\u00e0 H\u1ed9i Th\u00e1nh. Nh\u1eadn ra n\u01a1i M\u1eb9 Maria l\u00e0 m\u1eabu g\u01b0\u01a1ng ho\u00e0n h\u1ea3o c\u1ee7a H\u1ed9i Th\u00e1nh \u2013 b\u1eb1ng c\u00e1ch s\u1ed1ng li\u00ean k\u1ebft trong T\u00ecnh y\u00eau.<\/p>\n<p>[\/et_pb_text][\/et_pb_column][et_pb_column _builder_version=&#8221;4.20.4&#8243; _module_preset=&#8221;default&#8221; type=&#8221;1_3&#8243; theme_builder_area=&#8221;post_content&#8221;][et_pb_image src=&#8221;https:\/\/vietnam.cmtpalau.org\/wp-content\/uploads\/2024\/06\/foto-oracion.jpg&#8221; _builder_version=&#8221;4.20.4&#8243; _module_preset=&#8221;default&#8221; theme_builder_area=&#8221;post_content&#8221; title_text=&#8221;foto oracion&#8221; hover_enabled=&#8221;0&#8243; sticky_enabled=&#8221;0&#8243;][\/et_pb_image][\/et_pb_column][\/et_pb_row][\/et_pb_section][et_pb_section fb_built=&#8221;1&#8243; theme_builder_area=&#8221;post_content&#8221; _builder_version=&#8221;4.20.4&#8243; _module_preset=&#8221;default&#8221;][et_pb_row _builder_version=&#8221;4.20.4&#8243; _module_preset=&#8221;default&#8221; column_structure=&#8221;1_3,2_3&#8243; theme_builder_area=&#8221;post_content&#8221;][et_pb_column _builder_version=&#8221;4.20.4&#8243; _module_preset=&#8221;default&#8221; type=&#8221;1_3&#8243; theme_builder_area=&#8221;post_content&#8221;][et_pb_image src=&#8221;https:\/\/vietnam.cmtpalau.org\/wp-content\/uploads\/2024\/06\/IMG-20220825-WA0015.jpg&#8221; _builder_version=&#8221;4.20.4&#8243; _module_preset=&#8221;default&#8221; theme_builder_area=&#8221;post_content&#8221; title_text=&#8221;IMG-20220825-WA0015&#8243; hover_enabled=&#8221;0&#8243; sticky_enabled=&#8221;0&#8243;][\/et_pb_image][\/et_pb_column][et_pb_column _builder_version=&#8221;4.20.4&#8243; _module_preset=&#8221;default&#8221; type=&#8221;2_3&#8243; theme_builder_area=&#8221;post_content&#8221;][et_pb_text _builder_version=&#8221;4.20.4&#8243; _module_preset=&#8221;default&#8221; theme_builder_area=&#8221;post_content&#8221; text_font=&#8221;Magra||||||||&#8221; text_text_color=&#8221;#000000&#8243; text_font_size=&#8221;35px&#8221; text_orientation=&#8221;justified&#8221; hover_enabled=&#8221;0&#8243; sticky_enabled=&#8221;0&#8243;]<\/p>\n<p><span><\/span><em>\u0110\u1eddi s\u1ed1ng c\u1ed9ng \u0111o\u00e0n<\/em>: s\u1ed1ng trong t\u00ecnh hi\u1ec7p th\u00f4ng ch\u1ecb em . T\u00ecnh hi\u1ec7p nh\u1ea5t trong M\u1ea7u Nhi\u1ec7m Ba Ng\u00f4i .<\/p>\n<p>[\/et_pb_text][\/et_pb_column][\/et_pb_row][\/et_pb_section][et_pb_section fb_built=&#8221;1&#8243; theme_builder_area=&#8221;post_content&#8221; _builder_version=&#8221;4.20.4&#8243; _module_preset=&#8221;default&#8221; background_color=&#8221;#651906&#8243; hover_enabled=&#8221;0&#8243; sticky_enabled=&#8221;0&#8243;][et_pb_row _builder_version=&#8221;4.20.4&#8243; _module_preset=&#8221;default&#8221; column_structure=&#8221;1_4,1_2,1_4&#8243; theme_builder_area=&#8221;post_content&#8221;][et_pb_column _builder_version=&#8221;4.20.4&#8243; _module_preset=&#8221;default&#8221; type=&#8221;1_4&#8243; theme_builder_area=&#8221;post_content&#8221;][et_pb_image src=&#8221;https:\/\/vietnam.cmtpalau.org\/wp-content\/uploads\/2024\/06\/sharon-service.jpg&#8221; _builder_version=&#8221;4.20.4&#8243; _module_preset=&#8221;default&#8221; theme_builder_area=&#8221;post_content&#8221; title_text=&#8221;sharon service&#8221; hover_enabled=&#8221;0&#8243; sticky_enabled=&#8221;0&#8243;][\/et_pb_image][\/et_pb_column][et_pb_column _builder_version=&#8221;4.20.4&#8243; _module_preset=&#8221;default&#8221; type=&#8221;1_2&#8243; theme_builder_area=&#8221;post_content&#8221;][et_pb_text _builder_version=&#8221;4.20.4&#8243; _module_preset=&#8221;default&#8221; theme_builder_area=&#8221;post_content&#8221; text_font=&#8221;Magra||||||||&#8221; text_text_color=&#8221;#FFFFFF&#8221; text_font_size=&#8221;20px&#8221; text_orientation=&#8221;justified&#8221; hover_enabled=&#8221;0&#8243; sticky_enabled=&#8221;0&#8243;]<\/p>\n<p><span><\/span><em>\u0110\u1eddi s\u1ed3ng ph\u1ee5c v\u1ee5<\/em>: \u201c s\u1ed1ng nh\u1edd H\u1ed9i Th\u00e1nh v\u00e0 s\u1ed1ng cho H\u1ed9i Th\u00e1nh\u201d .<\/p>\n<p>Ng\u00e0y Nay, C\u00e1c n\u1eef tu C\u00e1t Minh T\u00ear\u00eaxa Truy\u1ec1n Gi\u00e1o l\u00e0m vi\u1ec7c t\u1ea1i c\u00e1c tr\u01b0\u1eddng h\u1ecdc, b\u1ec7nh vi\u1ec7n, khu \u0111i\u1ec1u tr\u1ecb phong, nh\u1eefng c\u00f4ng cu\u1ed9c th\u0103ng ti\u1ebfn n\u1eef gi\u1edbi, c\u00f4ng t\u00e1c x\u00e3 h\u1ed9i, th\u00ed \u0111i\u1ec3m truy\u1ec1n gi\u00e1o, c\u00e1c trung t\u00e2m \u0111\u00e0o t\u1ea1o gi\u00e1o l\u00fd vi\u00ean, ho\u1ea1t \u0111\u1ed9ng m\u1ee5c v\u1ee5 gi\u00e1o x\u1ee9, c\u00e1c trung t\u00e2m b\u1ea3o tr\u1ee3 x\u00e3 h\u1ed9i v\u00e0 vi\u1ec7n d\u01b0\u1ee1ng l\u00e3o,\u2026\u00a0Hi\u1ec7n di\u1ec7n t\u1ea1i 23 qu\u1ed1c gia\u00a0. S\u1ed1ng theo tinh th\u1ea7n c\u1ee7a Cha s\u00e1ng l\u1eadp \u0111\u00e3 n\u00f3i : \u201c t\u00f4i s\u1ebd \u0111i v\u00e0 \u0111i \u0111\u1ebfn b\u1ea5t c\u1ee9 n\u01a1i n\u00e0o Th\u1ea7n Kh\u00ed c\u1ee7a Thi\u00ean Ch\u00faa m\u1eddi g\u1ecdi t\u00f4i.\u201d<\/p>\n<p>[\/et_pb_text][\/et_pb_column][et_pb_column _builder_version=&#8221;4.20.4&#8243; _module_preset=&#8221;default&#8221; type=&#8221;1_4&#8243; theme_builder_area=&#8221;post_content&#8221;][et_pb_image src=&#8221;https:\/\/vietnam.cmtpalau.org\/wp-content\/uploads\/2024\/06\/service-2.jpg&#8221; _builder_version=&#8221;4.20.4&#8243; _module_preset=&#8221;default&#8221; theme_builder_area=&#8221;post_content&#8221; title_text=&#8221;service 2&#8243; hover_enabled=&#8221;0&#8243; sticky_enabled=&#8221;0&#8243;][\/et_pb_image][\/et_pb_column][\/et_pb_row][\/et_pb_section]<\/p>\n","protected":false},"excerpt":{"rendered":"<p>\u0110\u1eddi s\u1ed1ng c\u1ea7u nguy\u1ec7n: chi\u00eam ng\u1eafm M\u1ea7u nhi\u1ec7m Con Thi\u00ean Ch\u00faa l\u00e0 \u0110\u1ea7u H\u1ed9i Th\u00e1nh h\u1ee3p nh\u1ea5t v\u1edbi chi th\u1ec3 l\u00e0 H\u1ed9i Th\u00e1nh. Nh\u1eadn ra n\u01a1i M\u1eb9 Maria l\u00e0 m\u1eabu g\u01b0\u01a1ng ho\u00e0n h\u1ea3o c\u1ee7a H\u1ed9i Th\u00e1nh \u2013 b\u1eb1ng c\u00e1ch s\u1ed1ng li\u00ean k\u1ebft trong T\u00ecnh y\u00eau.\u0110\u1eddi s\u1ed1ng c\u1ed9ng \u0111o\u00e0n: s\u1ed1ng trong t\u00ecnh hi\u1ec7p th\u00f4ng ch\u1ecb em [&hellip;]<\/p>\n","protected":false},"author":1,"featured_media":0,"parent":0,"menu_order":0,"comment_status":"closed","ping_status":"closed","template":"","meta":{"_et_pb_use_builder":"on","_et_pb_old_content":"","_et_gb_content_width":"","footnotes":""},"class_list":["post-947","page","type-page","status-publish","hentry"],"_links":{"self":[{"href":"https:\/\/vietnam.cmtpalau.org\/index.php?rest_route=\/wp\/v2\/pages\/947","targetHints":{"allow":["GET"]}}],"collection":[{"href":"https:\/\/vietnam.cmtpalau.org\/index.php?rest_route=\/wp\/v2\/pages"}],"about":[{"href":"https:\/\/vietnam.cmtpalau.org\/index.php?rest_route=\/wp\/v2\/types\/page"}],"author":[{"embeddable":true,"href":"https:\/\/vietnam.cmtpalau.org\/index.php?rest_route=\/wp\/v2\/users\/1"}],"replies":[{"embeddable":true,"href":"https:\/\/vietnam.cmtpalau.org\/index.php?rest_route=%2Fwp%2Fv2%2Fcomments&post=947"}],"version-history":[{"count":3,"href":"https:\/\/vietnam.cmtpalau.org\/index.php?rest_route=\/wp\/v2\/pages\/947\/revisions"}],"predecessor-version":[{"id":981,"href":"https:\/\/vietnam.cmtpalau.org\/index.php?rest_route=\/wp\/v2\/pages\/947\/revisions\/981"}],"wp:attachment":[{"href":"https:\/\/vietnam.cmtpalau.org\/index.php?rest_route=%2Fwp%2Fv2%2Fmedia&parent=947"}],"curies":[{"name":"wp","href":"https:\/\/api.w.org\/{rel}","templated":true}]}}