{"id":946,"date":"2024-06-06T09:51:05","date_gmt":"2024-06-06T02:51:05","guid":{"rendered":"https:\/\/vietnam.cmtpalau.org\/?page_id=946"},"modified":"2024-06-06T10:02:40","modified_gmt":"2024-06-06T03:02:40","slug":"doi-net-ve-lich-su","status":"publish","type":"page","link":"https:\/\/vietnam.cmtpalau.org\/?page_id=946","title":{"rendered":"\u0110\u00f4i n\u00e9t v\u1ec1 l\u1ecbch s\u1eed"},"content":{"rendered":"<p>[et_pb_section fb_built=&#8221;1&#8243; _builder_version=&#8221;4.20.4&#8243; _module_preset=&#8221;default&#8221; background_color=&#8221;RGBA(255,255,255,0)&#8221; global_colors_info=&#8221;{}&#8221;][et_pb_row column_structure=&#8221;3_4,1_4&#8243; _builder_version=&#8221;4.20.4&#8243; _module_preset=&#8221;default&#8221; global_colors_info=&#8221;{}&#8221; custom_padding=&#8221;33px|||||&#8221;][et_pb_column type=&#8221;3_4&#8243; _builder_version=&#8221;4.20.4&#8243; _module_preset=&#8221;default&#8221; global_colors_info=&#8221;{}&#8221;][et_pb_text _builder_version=&#8221;4.20.4&#8243; _module_preset=&#8221;default&#8221; text_text_color=&#8221;#000000&#8243; text_font=&#8221;Magra||||||||&#8221; text_orientation=&#8221;justified&#8221; hover_enabled=&#8221;0&#8243; sticky_enabled=&#8221;0&#8243;]<\/p>\n<p>D\u00f2ng N\u1eef C\u00e1t Minh T\u00ear\u00eaxa Truy\u1ec1n Gi\u00e1o (CMT) \u0111\u01b0\u1ee3c cha Phanxico Palau ( OCD) s\u00e1ng l\u1eadp v\u00e0o n\u0103m 1861, t\u1ea1i Cuidadela, thu\u1ed9c gi\u00e1o ph\u1eadn Menorca, T\u00e2y Ban Nha.<\/p>\n<p>\u00a0\u00a0\u00a0L\u00f2ng nhi\u1ec7t th\u00e0nh d\u1ea5n th\u00e2n ph\u1ee5c v\u1ee5 H\u1ed9i Th\u00e1nh b\u1eb1ng nh\u1eefng vi\u1ec7c t\u00f4ng \u0111\u1ed3 \u0111\u00e3 l\u00e0m n\u00ean l\u00fd t\u01b0\u1edfng Y\u00caU M\u1ebeN V\u00c0 PH\u1ee4C V\u1ee4 H\u1ed8I TH\u00c1NH n\u01a1i nh\u1eefng ng\u01b0\u1eddi ngh\u00e8o kh\u1ed5, b\u1ec7nh t\u1eadt, tr\u1ebb em, thanh thi\u1ebfu ni\u00ean v\u00e0 c\u00e1c gia \u0111\u00ecnh,\u2026<\/p>\n<p>\u00a0\u00a0T\u1eeb kinh nghi\u1ec7m v\u1ec1 H\u1ed9i Th\u00e1nh v\u00e0 \u01a1n g\u1ecdi C\u00e1t Minh th\u00fac d\u1ee5c , Ng\u00e0i \u0111\u00e3 khai sinh ra D\u00f2ng C\u00e1t Minh T\u00ear\u00eaxa Truy\u1ec1n Gi\u00e1o.<\/p>\n<p>[\/et_pb_text][\/et_pb_column][et_pb_column type=&#8221;1_4&#8243; _builder_version=&#8221;4.20.4&#8243; _module_preset=&#8221;default&#8221; global_colors_info=&#8221;{}&#8221;][et_pb_image src=&#8221;https:\/\/vietnam.cmtpalau.org\/wp-content\/uploads\/2024\/06\/368031210_262812939945226_2379991163279933735_n.jpg&#8221; title_text=&#8221;368031210_262812939945226_2379991163279933735_n&#8221; _builder_version=&#8221;4.20.4&#8243; _module_preset=&#8221;default&#8221; global_colors_info=&#8221;{}&#8221;][\/et_pb_image][\/et_pb_column][\/et_pb_row][et_pb_row _builder_version=&#8221;4.20.4&#8243; _module_preset=&#8221;default&#8221;][et_pb_column _builder_version=&#8221;4.20.4&#8243; _module_preset=&#8221;default&#8221; type=&#8221;4_4&#8243;][et_pb_text _builder_version=&#8221;4.20.4&#8243; _module_preset=&#8221;default&#8221; text_font=&#8221;Magra||||||||&#8221; text_text_color=&#8221;#000000&#8243; text_orientation=&#8221;justified&#8221; hover_enabled=&#8221;0&#8243; sticky_enabled=&#8221;0&#8243;]<\/p>\n<p>Theo ch\u00e2n Cha Th\u00e1nh Ch\u00e2n ph\u01b0\u1edbc Palau, c\u00e1c n\u1eef tu D\u00f2ng C\u00e1t Minh T\u00ear\u00eaxa Truy\u1ec1n Gi\u00e1o \u0111\u01b0\u1ee3c th\u00e1nh hi\u1ebfn cho H\u1ed9i Th\u00e1nh, c\u00e1c ch\u1ecb em y\u00eau m\u1ebfn H\u1ed9i Th\u00e1nh, chi\u00eam ng\u01b0\u1ee1ng H\u1ed9i Th\u00e1nh v\u00e0 ph\u1ee5c v\u1ee5 H\u1ed9i Th\u00e1nh nh\u01b0 m\u1ed9t nhi\u1ec7m th\u1ec3 \u201c Thi\u00ean Ch\u00faa V\u00e0 tha nh\u00e2n\u201d hi\u1ec7p nh\u1ea5t. C\u0169ng nh\u01b0 cha Palau, v\u1edbi m\u1ed9t l\u00f2ng y\u00eau n\u1ed3ng n\u00e0n d\u00e0nh cho H\u1ed9i Th\u00e1nh, v\u1eeba nh\u01b0 ng\u01b0\u1eddi y\u00eau d\u1ea5u c\u1ee7a m\u00ecnh v\u1eeba nh\u01b0 m\u1ed9t c\u1ed9ng \u0111o\u00e0n c\u1ee5 th\u1ec3, ch\u1ecb em y\u00eau m\u1ebfn \u0111\u1eddi s\u1ed1ng th\u00e1nh hi\u1ebfn, b\u1ed3i \u0111\u1eafp kinh nghi\u1ec7m chi\u00eam ni\u1ec7m truy\u1ec1n gi\u00e1o, ph\u00e1t huy kh\u1ea3 n\u0103ng \u0111\u1ec3 chu to\u00e0n c\u00e1c ph\u00e2n v\u1ee5 h\u1eb1ng ng\u00e0y, nh\u01b0 m\u1ed9t c\u00e1ch d\u1eabn th\u00e2n ph\u1ee5c v\u1ee5 ng\u01b0\u1eddi xung quanh. V\u1edbi kinh nghi\u1ec7m truy\u1ec1n gi\u00e1o , c\u00e1c ch\u1ecb em chi\u00eam ng\u1eafm \u0110\u1ee9c Gi\u00easu hi\u1ec7n di\u1ec7n c\u00e1ch m\u1ea7u nhi\u1ec7m n\u01a1i nhi\u1ec7m th\u1ec3 Ng\u00e0i; v\u1edbi nh\u1eefng l\u1eddi kh\u1ea5n mang chi\u1ec1u k\u00edch truy\u1ec1n gi\u00e1o, ch\u1ecb em CMT t\u1eadn hi\u1ebfn m\u00ecnh cho \u0110\u1ee9c Kit\u00f4- Phu Qu\u00e2n; v\u00e0 v\u1edbi ho\u1ea1t \u0111\u1ed9ng t\u00f4ng \u0111\u1ed3, ch\u1ecb em ph\u1ee5c v\u1ee5, ch\u1eefa l\u00e0nh v\u00e0 ch\u0103m s\u00f3c Th\u00e2n Th\u1ec3 ch\u1ecbu \u0111\u00f3ng \u0111inh c\u1ee7a Ng\u00e0i.<\/p>\n<p>\u00a0\u00a0Ch\u1ecb em x\u00e2y \u0111\u1eafp v\u00e0 nu\u00f4i d\u01b0\u1ee1ng tinh th\u1ea7n truy\u1ec1n gi\u00e1o tr\u01b0\u1edbc h\u1ebft l\u00e0 nh\u1edd v\u00e0o Th\u00e1nh Th\u1ec3 m\u00e0 ch\u1ecb em s\u1ed1ng trong m\u1ea7u nhi\u1ec7m hi\u1ec7p th\u00f4ng v\u1edbi to\u00e0n th\u1ec3 H\u1ed9i Th\u00e1nh l\u00e0 Th\u00e2n Th\u1ec3 \u0110\u1ee9c Kit\u00f4.<\/p>\n<p>\u00a0\u00a0Ng\u01b0\u1eddi n\u1eef tu C\u00e1t Minh T\u00ear\u00eaxa Truy\u1ec1n Gi\u00e1o s\u1ed1ng y\u00eau m\u1ebfn \u0110\u1ee9c Maria nh\u01b0 ng\u01b0\u1eddi M\u1eb9, ng\u01b0\u1eddi Ch\u1ecb, v\u00e0 l\u00e0 N\u1eef V\u01b0\u01a1ng N\u00fai C\u00e1t Minh. \u0110\u1ee9c Maria l\u00e0 m\u1eabu m\u1ef1c tr\u1ecdn h\u1ea3o cho \u0111\u1eddi th\u00e1nh hi\u1ebfn khi\u1ebft t\u1ecbnh. \u0110\u1ed1i v\u1edbi ch\u1ecb em CMT, M\u1eb9 l\u00e0 h\u00ecnh m\u1eabu tr\u1ecdn v\u1eb9n nh\u1ea5t c\u1ee7a H\u1ed9i Th\u00e1nh, l\u00e0 nh\u00e0 truy\u1ec1n gi\u00e1o \u0111\u1ea7u ti\u00ean, l\u00e0 g\u01b0\u01a1ng m\u1eabu , l\u00e0 s\u1ee9 gi\u1ea3 \u0111\u01b0\u1ee3c t\u00ecnh th\u01b0\u01a1ng c\u1ee7a Thi\u00ean Ch\u00faa Ba Ng\u00f4i g\u1eedi \u0111\u1ebfn cho nh\u00e2n lo\u1ea1i .<\/p>\n<p>[\/et_pb_text][\/et_pb_column][\/et_pb_row][\/et_pb_section]<\/p>\n","protected":false},"excerpt":{"rendered":"<p>D\u00f2ng N\u1eef C\u00e1t Minh T\u00ear\u00eaxa Truy\u1ec1n Gi\u00e1o (CMT) \u0111\u01b0\u1ee3c cha Phanxico Palau ( OCD) s\u00e1ng l\u1eadp v\u00e0o n\u0103m 1861, t\u1ea1i Cuidadela, thu\u1ed9c gi\u00e1o ph\u1eadn Menorca, T\u00e2y Ban Nha. \u00a0\u00a0\u00a0L\u00f2ng nhi\u1ec7t th\u00e0nh d\u1ea5n th\u00e2n ph\u1ee5c v\u1ee5 H\u1ed9i Th\u00e1nh b\u1eb1ng nh\u1eefng vi\u1ec7c t\u00f4ng \u0111\u1ed3 \u0111\u00e3 l\u00e0m n\u00ean l\u00fd t\u01b0\u1edfng Y\u00caU M\u1ebeN V\u00c0 PH\u1ee4C V\u1ee4 H\u1ed8I TH\u00c1NH n\u01a1i [&hellip;]<\/p>\n","protected":false},"author":1,"featured_media":0,"parent":0,"menu_order":0,"comment_status":"closed","ping_status":"closed","template":"","meta":{"_et_pb_use_builder":"on","_et_pb_old_content":"","_et_gb_content_width":"","footnotes":""},"class_list":["post-946","page","type-page","status-publish","hentry"],"_links":{"self":[{"href":"https:\/\/vietnam.cmtpalau.org\/index.php?rest_route=\/wp\/v2\/pages\/946","targetHints":{"allow":["GET"]}}],"collection":[{"href":"https:\/\/vietnam.cmtpalau.org\/index.php?rest_route=\/wp\/v2\/pages"}],"about":[{"href":"https:\/\/vietnam.cmtpalau.org\/index.php?rest_route=\/wp\/v2\/types\/page"}],"author":[{"embeddable":true,"href":"https:\/\/vietnam.cmtpalau.org\/index.php?rest_route=\/wp\/v2\/users\/1"}],"replies":[{"embeddable":true,"href":"https:\/\/vietnam.cmtpalau.org\/index.php?rest_route=%2Fwp%2Fv2%2Fcomments&post=946"}],"version-history":[{"count":4,"href":"https:\/\/vietnam.cmtpalau.org\/index.php?rest_route=\/wp\/v2\/pages\/946\/revisions"}],"predecessor-version":[{"id":974,"href":"https:\/\/vietnam.cmtpalau.org\/index.php?rest_route=\/wp\/v2\/pages\/946\/revisions\/974"}],"wp:attachment":[{"href":"https:\/\/vietnam.cmtpalau.org\/index.php?rest_route=%2Fwp%2Fv2%2Fmedia&parent=946"}],"curies":[{"name":"wp","href":"https:\/\/api.w.org\/{rel}","templated":true}]}}