{"id":945,"date":"2024-06-06T09:51:05","date_gmt":"2024-06-06T02:51:05","guid":{"rendered":"https:\/\/vietnam.cmtpalau.org\/?page_id=945"},"modified":"2024-06-06T09:59:48","modified_gmt":"2024-06-06T02:59:48","slug":"dang-sang-lap","status":"publish","type":"page","link":"https:\/\/vietnam.cmtpalau.org\/?page_id=945","title":{"rendered":"\u0110\u1ea5ng S\u00e1ng L\u1eadp"},"content":{"rendered":"<p>[et_pb_section fb_built=&#8221;1&#8243; _builder_version=&#8221;4.20.4&#8243; _module_preset=&#8221;default&#8221; background_color=&#8221;RGBA(255,255,255,0)&#8221; global_colors_info=&#8221;{}&#8221;][et_pb_row column_structure=&#8221;1_3,2_3&#8243; _builder_version=&#8221;4.20.4&#8243; _module_preset=&#8221;default&#8221; global_colors_info=&#8221;{}&#8221;][et_pb_column type=&#8221;1_3&#8243; _builder_version=&#8221;4.20.4&#8243; _module_preset=&#8221;default&#8221; global_colors_info=&#8221;{}&#8221;][et_pb_image src=&#8221;https:\/\/vietnam.cmtpalau.org\/wp-content\/uploads\/2024\/06\/Phanxico-Palau.png&#8221; title_text=&#8221;Phanxico Palau&#8221; _builder_version=&#8221;4.20.4&#8243; _module_preset=&#8221;default&#8221; global_colors_info=&#8221;{}&#8221;][\/et_pb_image][\/et_pb_column][et_pb_column type=&#8221;2_3&#8243; _builder_version=&#8221;4.20.4&#8243; _module_preset=&#8221;default&#8221; global_colors_info=&#8221;{}&#8221;][et_pb_text _builder_version=&#8221;4.20.4&#8243; _module_preset=&#8221;default&#8221; text_font=&#8221;Magra||||||||&#8221; text_text_color=&#8221;#000000&#8243; text_font_size=&#8221;24px&#8221; text_orientation=&#8221;justified&#8221; global_colors_info=&#8221;{}&#8221;]<\/p>\n<p>Ch\u00e2n Ph\u01b0\u1edbc Phanxic\u00f4 Palau \u0111\u01b0\u1ee3c sinh v\u00e0o ng\u00e0y 29 th\u00e1ng 12 n\u0103m 1811 t\u1ea1i th\u1ecb tr\u1ea5n Aitona, t\u1ec9nh Lerida, thu\u1ed9c v\u00f9ng t\u1ef1 tr\u1ecb Catalu\u00f1a, mi\u1ec1n \u0111\u00f4ng b\u1eafc T\u00e2y Ban Nha.<\/p>\n<p>Ng\u00e0i m\u1ea5t t\u1ea1i Tarragona v\u00e0o ng\u00e0y 20 th\u00e1ng 3 n\u0103m 1872 v\u00e0 \u0111\u01b0\u1ee3c Th\u00e1nh Gi\u00e1o Ho\u00e0ng Gioan Phaol\u00f4 II t\u00f4n phong l\u00ean b\u1eadc Ch\u00e2n Ph\u01b0\u1edbc v\u00e0o ng\u00e0y 24 th\u00e1ng 4 n\u0103m 1980.<\/p>\n<p>[\/et_pb_text][\/et_pb_column][\/et_pb_row][\/et_pb_section][et_pb_section fb_built=&#8221;1&#8243; _builder_version=&#8221;4.20.4&#8243; _module_preset=&#8221;default&#8221; background_color=&#8221;RGBA(255,255,255,0)&#8221; global_colors_info=&#8221;{}&#8221;][et_pb_row _builder_version=&#8221;4.20.4&#8243; _module_preset=&#8221;default&#8221; global_colors_info=&#8221;{}&#8221;][et_pb_column type=&#8221;4_4&#8243; _builder_version=&#8221;4.20.4&#8243; _module_preset=&#8221;default&#8221; global_colors_info=&#8221;{}&#8221;][et_pb_text _builder_version=&#8221;4.20.4&#8243; _module_preset=&#8221;default&#8221; text_font=&#8221;Magra||||||||&#8221; text_text_color=&#8221;#000000&#8243; text_font_size=&#8221;21px&#8221; text_orientation=&#8221;justified&#8221; global_colors_info=&#8221;{}&#8221;]<\/p>\n<p>N\u0103m 17 tu\u1ed5i ( 1828), ng\u00e0i quy\u1ebft \u0111\u1ecbnh n\u1ed9i tr\u00fa ch\u1ee7ng vi\u1ec7n , ng\u00e0i b\u1eaft \u0111\u1ea7u suy ngh\u0129 t\u1edbi ch\u1ee9c linh m\u1ee5c. Ng\u00e0i cho r\u1eb1ng , ch\u1ec9 trong Thi\u00ean Ch\u00faa ng\u00e0i m\u1edbi t\u00ecm th\u1ea5y \u0111\u01b0\u1ee3c v\u1ebb \u0111\u1eb9p \u0111\u1ec3 l\u1eafp \u0111\u1ea7y \u0111\u01b0\u1ee3c kh\u1ea3 n\u0103ng y\u00eau m\u1ebfn v\u00f4 t\u1eadn- c\u00e1i kh\u1ea3 n\u0103ng \u00a0m\u00e0 ch\u00ednh Thi\u00ean Ch\u00faa \u0111\u00e3 \u0111\u1eb7t v\u00e0o l\u00f2ng Ng\u00e0i.<\/p>\n<p>\u00a0\u00a0C\u1eadu ch\u1ee7ng sinh tr\u1ebb tu\u1ed5i y\u00eau th\u00edch cha Jose de santa Concordia, m\u1ed9t tu s\u0129 C\u00e1t Minh V\u1ec1 Ngu\u1ed3n \u1edf Lleida. D\u01b0\u1edbi s\u1ef1 linh h\u01b0\u1edbng c\u1ee7a cha Jose v\u00e0 trong chi\u1ec7m nghi\u1ec7m , c\u1eadu nh\u1eadn th\u1ea5y th\u00e1nh n\u1eef Ter\u00eaxa Gi\u00easu \u0111ang m\u1eddi g\u1ecdi c\u1eadu tr\u1edf th\u00e0nh m\u1ed9t tu s\u0129 C\u00e1t Minh.<\/p>\n<p>Ng\u00e0y 23-10-1832, ng\u00e0i \u0111\u01b0\u1ee3c l\u00e3nh tu ph\u1ee5c trong tu vi\u1ec7n C\u00e1t Minh Ch\u00e2n Tr\u1ea7n \u1edf Barcelona, \u200b\u200bt\u1ef1 x\u01b0ng l\u00e0 Phanxic\u00f4- c\u1ee7a Ch\u00faa Gi\u00easu- M\u1eb9 Maria- v\u00e0 Th\u00e1nh Giuse. V\u00e0o th\u00e1ng 11 n\u0103m 1833, th\u1ea7y tuy\u00ean kh\u1ea5n tr\u1ecdng th\u1ec3, cam k\u1ebft s\u1ed1ng khi\u1ebft t\u1ecbnh, kh\u00f3 ngh\u00e8o v\u00e0 v\u00e2ng ph\u1ee5c cho \u0111\u1ebfn ch\u1ebft.<\/p>\n<p>\u00a0\u00a0Ng\u00e0y 25 th\u00e1ng 7 n\u0103m 1835, tu vi\u1ec7n Th\u00e1nh Giuse \u1edf Barcelona b\u1ecb \u0111\u1ed1t ch\u00e1y v\u00e0 c\u00e1c tu s\u0129 b\u1ecb \u0111u\u1ed5i ra kh\u1ecfi \u0111an vi\u1ec7n, trong s\u1ed1 \u0111\u00f3 c\u00f3 Phanxic\u00f4 Palau.<\/p>\n<p>Ng\u00e0i \u0111\u01b0\u1ee3c Th\u1ee5 phong linh m\u1ee5c \u1edf Barbastro n\u0103m 1836 ngay gi\u1eefa ho\u00e0n c\u1ea3nh ch\u00ednh quy\u1ec1n \u0111\u1ea3ng T\u1ef1 Do nghi\u00ean c\u1ea5m vi\u1ec7c truy\u1ec1n ch\u1ee9c linh m\u1ee5c. Sau \u0111\u00f3, ng\u00e0i b\u1eaft \u0111\u1ea7u d\u1eabn th\u00e2n ph\u1ee5c v\u1ee5 \u1edf Catalu\u00f1a.<\/p>\n<p>\u00a0\u00a0C\u00e1c bi\u1ebfn c\u1ed1 \u1edf qu\u00ea h\u01b0\u01a1ng \u0111\u00e3 \u0111\u1ea9y ng\u00e0i ph\u1ea3i s\u1ed1ng l\u01b0u vong \u1edf Ph\u00e1p (1840-1851), n\u01a1i ng\u00e0i xen k\u1ebd c\u00f4ng vi\u1ec7c t\u00f4ng \u0111\u1ed3 v\u1edbi nh\u1eefng giai \u0111o\u1ea1n s\u1ed1ng c\u00f4 \u0111\u1ed9c c\u0103ng th\u1eb3ng. Trong th\u1eddi gian \u0111\u00f3 ng\u00e0i \u0111\u00e3 vi\u1ebft m\u1ed9t s\u1ed1 t\u00e1c ph\u1ea9m, h\u01b0\u1edbng d\u1eabn v\u00e0 \u0111\u1ed3ng h\u00e0nh m\u1ed9t nh\u00f3m ph\u1ee5 n\u1eef tr\u1ebb \u1edf \u0110\u1ee9c M\u1eb9 Livron, Gi\u00e1o ph\u1eadn Montauban.<\/p>\n<p>\u00a0\u00a0V\u00ec nh\u1eefng bi\u1ebfn c\u1ed1 ch\u00ednh tr\u1ecb c\u1ee7a n\u01b0\u1edbc T\u00e2y Ban Nha th\u1eddi b\u1ea5y gi\u1edd m\u00e0 Ng\u00e0i bu\u1ed9c ph\u1ea3i s\u1ed1ng ki\u1ebfp l\u01b0u \u0111\u00e0y v\u00e0 \u1edf ngo\u00e0i \u0110an Vi\u1ec7n. N\u0103m 1851, Ng\u00e0i \u0111\u01b0\u1ee3c tr\u1edf v\u1ec1 T\u00e2y Ban Nha v\u00e0 ngay sau \u0111\u00f3 Ng\u00e0i \u0111\u00e3 th\u00e0nh l\u1eadp \u201cTr\u01b0\u1eddng Nh\u00e2n \u0110\u1ee9c\u201d \u1edf Barcelona v\u1edbi nhi\u1ec7m v\u1ee5 l\u00e0 d\u1ea1y gi\u00e1o l\u00fd cho ng\u01b0\u1eddi l\u1edbn. Tuy nhi\u00ean v\u00e0o n\u0103m 1854, t\u00ecnh h\u00ecnh ch\u00ednh tr\u1ecb \u1edf Barcelona l\u1ea1i b\u1ea5t \u1ed5n. Ng\u00f4i Tr\u01b0\u1eddng bu\u1ed9c ph\u1ea3i \u0111\u00f3ng c\u1eeda v\u00e0 Ng\u00e0i b\u1ecb l\u01b0u \u0111\u00e0y th\u00eam m\u1ed9t l\u1ea7n n\u1eefa t\u1edbi \u0111\u1ea3o Ibiza t\u1eeb n\u0103m 1854-1860. Sau th\u1eddi l\u01b0u \u0111\u00e0y, Ng\u00e0i th\u00e0nh l\u1eadp D\u00f2ng C\u00e1c Anh Em v\u00e0 C\u00e1c Ch\u1ecb Em C\u00e1t Minh, ti\u1ec1n th\u00e2n c\u1ee7a D\u00f2ng C\u00e1t Minh Truy\u1ec1n Gi\u00e1o v\u00e0 D\u00f2ng C\u00e1t Minh T\u00ear\u00eaxa Truy\u1ec1n Gi\u00e1o.<\/p>\n<p>\u00a0\u00a0M\u1eb7c d\u1ea7u kh\u00f4ng \u0111\u01b0\u1ee3c s\u1ed1ng trong m\u00f4i tr\u01b0\u1eddng \u0111an vi\u1ec7n nh\u01b0ng Ch\u00e2n Ph\u01b0\u1edbc Phanxic\u00f4 Palau r\u1ea5t y\u00eau m\u1ebfn v\u00e0 trung th\u00e0nh v\u1edbi \u0111\u1eddi s\u1ed1ng c\u1ea7u nguy\u1ec7n. Ng\u00e0i c\u0169ng c\u00f3 l\u00f2ng y\u00eau m\u1ebfn \u0110\u1ee9c M\u1eb9 v\u00e0 Gi\u00e1o H\u1ed9i c\u00e1ch \u0111\u1eb7c bi\u1ec7t. \u0110i t\u1edbi \u0111\u00e2u Ng\u00e0i c\u0169ng th\u00fac gi\u1ee5c t\u00edn h\u1eefu ph\u1ea3i c\u00f3 l\u00f2ng s\u00f9ng k\u00ednh \u0110\u1ee9c M\u1eb9 v\u00e0 y\u00eau m\u1ebfn Gi\u00e1o H\u1ed9i. \u0110\u1ed1i v\u1edbi Ng\u00e0i, Gi\u00e1o H\u1ed9i kh\u00f4ng ph\u1ea3i l\u00e0 m\u1ed9t t\u1ed5 ch\u1ee9c x\u00e3 h\u1ed9i b\u00ecnh th\u01b0\u1eddng nh\u01b0ng l\u00e0 m\u1ed9t m\u1ea7u nhi\u1ec7m ph\u1ea3i \u0111\u01b0\u1ee3c s\u1ed1ng nh\u01b0 m\u1ed9t ch\u00e2n l\u00fd \u0111\u1ee9c tin.<\/p>\n<p>Con ng\u01b0\u1eddi c\u1ee7a cha Palau \u0111\u00e3 \u0111\u01b0\u1ee3c t\u00f4i luy\u1ec7n trong cu\u1ed9c \u0111\u1ea5u tranh, trong m\u1ed9t cu\u1ed9c t\u00ecm ki\u1ebfm l\u00e2u d\u00e0i v\u00e0 \u0111au \u0111\u1edbn k\u00e9o d\u00e0i g\u1ea7n nh\u01b0 c\u1ea3 cu\u1ed9c \u0111\u1eddi. Ng\u00e0i \u0111\u00e3 chi\u1ebfn \u0111\u1ea5u v\u00ec H\u00d2A B\u00ccNH gi\u1eefa nh\u1eefng ng\u01b0\u1eddi \u0111ang \u0111\u1ea5u tranh trong c\u00e1c cu\u1ed9c chi\u1ebfn tranh huynh \u0111\u1ec7 t\u01b0\u01a1ng t\u00e0n; \u0111\u1ec3 S\u1ef0 TH\u1eacT \u0111\u00e1nh tan s\u1ef1 ngu d\u1ed1t, v\u00ec T\u1ef0 DO \u1edf T\u00e2y Ban Nha t\u1ef1 cho m\u00ecnh l\u00e0 \u201ct\u1ef1 do\u201d v\u00e0 \u0111\u00e0n \u00e1p Gi\u00e1o h\u1ed9i.<\/p>\n<p>&nbsp;<\/p>\n<p>Ng\u00e0i t\u00ecm ki\u1ebfm c\u00e1c gi\u1ea3i ph\u00e1p cho c\u00e1c v\u1ea5n \u0111\u1ec1 c\u1ee7a th\u1eddi \u0111\u1ea1i v\u00e0 d\u1ea5n th\u00e2n tri\u1ec7t \u0111\u1ec3 v\u00e0o \u01a1n g\u1ecdi C\u00e1t Minh v\u00e0 linh m\u1ee5c. Ch\u00eca kh\u00f3a cho to\u00e0n b\u1ed9 \u0111\u1eddi s\u1ed1ng thi\u00eang li\u00eang v\u00e0 s\u1ee9 v\u1ee5 ph\u1ee5c v\u1ee5 gi\u00e1o h\u1ed9i c\u1ee7a ng\u00e0i l\u00e0 cu\u1ed9c g\u1eb7p g\u1ee1 v\u1edbi Ch\u00faa Kit\u00f4 h\u1eb1ng s\u1ed1ng trong Nhi\u1ec7m th\u1ec3 c\u1ee7a Ng\u01b0\u1eddi, Gi\u00e1o h\u1ed9i, ngh\u0129a l\u00e0 Ch\u00faa Gi\u00easu l\u00e0 \u0110\u1ea7u v\u00e0 m\u1ecdi ng\u01b0\u1eddi l\u00e0 chi th\u1ec3 \u0111\u01b0\u1ee3c g\u1eafn k\u1ebft \u00a0trong s\u1ef1 hi\u1ec7p th\u00f4ng.<\/p>\n<p>\u00a0\u00a0Ng\u00e0i \u0111\u00e3 t\u00ecm ki\u1ebfm trong chi\u00eam nghi\u1ec7m \u0111\u1ec3 \u0111\u1ed1i tho\u1ea1i v\u1edbi \u201cNg\u01b0\u1eddi y\u00eau d\u1ea5u\u201d c\u1ee7a m\u00ecnh,v\u00e0 d\u00e2ng hi\u1ebfn tr\u1ecdn b\u1ea3n th\u00e2n \u00a0\u0111\u1ec3 \u00a0ph\u1ee5c v\u1ee5 Gi\u00e1o H\u1ed9i b\u1eb1ng nh\u1eefng ph\u01b0\u01a1ng th\u1ee9c kh\u00e1c nhau m\u00e0 l\u00f2ng nhi\u1ec7t th\u00e0nh g\u1ee3i cho ng\u00e0i: rao gi\u1ea3ng, t\u1ed5 ch\u1ee9c d\u1ea1y gi\u00e1o l\u00fd, tr\u1eeb qu\u1ef7, c\u1ea7m b\u00fat nh\u01b0 m\u1ed9t nh\u00e0 v\u0103n v\u00e0 nh\u00e0 b\u00e1o.<\/p>\n<p>\u00a0\u00a0C\u00e1c ho\u1ea1t \u0111\u1ed9ng t\u00f4ng \u0111\u1ed3 \u0111a d\u1ea1ng nh\u1ea5t \u0111\u00e3 t\u00ecm th\u1ea5y s\u1ef1 th\u1ed1ng nh\u1ea5t trong l\u00fd t\u01b0\u1edfng Ng\u00e0i th\u00fac \u0111\u1ea9y con c\u00e1i c\u1ee7a ng\u00e0i : Y\u00caU TH\u01af\u01a0NG V\u00c0 PH\u1ee4C V\u1ee4 GI\u00c1O H\u1ed8I n\u01a1i ng\u01b0\u1eddi ngh\u00e8o, ng\u01b0\u1eddi b\u1ec7nh, tr\u1ebb em, thanh thi\u1ebfu ni\u00ean v\u00e0 c\u00e1c gia \u0111\u00ecnh.<\/p>\n<p>\u00a0\u00a0Tinh th\u1ea7n truy\u1ec1n gi\u00e1o v\u00e0 gi\u00e1o h\u1ed9i c\u1ee7a D\u00f2ng C\u00e1t Minh T\u00ear\u00eaxa Truy\u1ec1n Gi\u00e1o (CMT) c\u0169ng nh\u01b0 cha Palau , v\u1edbi m\u1ed9t l\u00f2ng y\u00eau m\u1ebfn n\u1ed3ng n\u00e0n d\u00e0nh cho H\u1ed9i Th\u00e1nh \u0111\u00e3 \u0111\u01b0\u1ee3c \u0111\u01a1m hoa k\u1ebft tr\u00e1i.<\/p>\n<p>\u00a0\u00a0C\u00e1c n\u1eef tu C\u00e1t Minh T\u00ear\u00eaxa Truy\u1ec1n Gi\u00e1o l\u00e0 hi\u1ec7n th\u00e2n tinh th\u1ea7n c\u1ee7a cha Palau , l\u00e0m cho Ng\u00e0i s\u1ed1ng m\u00e3i gi\u1eefa ch\u00fang ta.<\/p>\n<p>[\/et_pb_text][\/et_pb_column][\/et_pb_row][\/et_pb_section]<\/p>\n","protected":false},"excerpt":{"rendered":"<p>Ch\u00e2n Ph\u01b0\u1edbc Phanxic\u00f4 Palau \u0111\u01b0\u1ee3c sinh v\u00e0o ng\u00e0y 29 th\u00e1ng 12 n\u0103m 1811 t\u1ea1i th\u1ecb tr\u1ea5n Aitona, t\u1ec9nh Lerida, thu\u1ed9c v\u00f9ng t\u1ef1 tr\u1ecb Catalu\u00f1a, mi\u1ec1n \u0111\u00f4ng b\u1eafc T\u00e2y Ban Nha. Ng\u00e0i m\u1ea5t t\u1ea1i Tarragona v\u00e0o ng\u00e0y 20 th\u00e1ng 3 n\u0103m 1872 v\u00e0 \u0111\u01b0\u1ee3c Th\u00e1nh Gi\u00e1o Ho\u00e0ng Gioan Phaol\u00f4 II t\u00f4n phong l\u00ean b\u1eadc Ch\u00e2n Ph\u01b0\u1edbc [&hellip;]<\/p>\n","protected":false},"author":1,"featured_media":0,"parent":0,"menu_order":0,"comment_status":"closed","ping_status":"closed","template":"","meta":{"_et_pb_use_builder":"on","_et_pb_old_content":"","_et_gb_content_width":"","footnotes":""},"class_list":["post-945","page","type-page","status-publish","hentry"],"_links":{"self":[{"href":"https:\/\/vietnam.cmtpalau.org\/index.php?rest_route=\/wp\/v2\/pages\/945","targetHints":{"allow":["GET"]}}],"collection":[{"href":"https:\/\/vietnam.cmtpalau.org\/index.php?rest_route=\/wp\/v2\/pages"}],"about":[{"href":"https:\/\/vietnam.cmtpalau.org\/index.php?rest_route=\/wp\/v2\/types\/page"}],"author":[{"embeddable":true,"href":"https:\/\/vietnam.cmtpalau.org\/index.php?rest_route=\/wp\/v2\/users\/1"}],"replies":[{"embeddable":true,"href":"https:\/\/vietnam.cmtpalau.org\/index.php?rest_route=%2Fwp%2Fv2%2Fcomments&post=945"}],"version-history":[{"count":4,"href":"https:\/\/vietnam.cmtpalau.org\/index.php?rest_route=\/wp\/v2\/pages\/945\/revisions"}],"predecessor-version":[{"id":973,"href":"https:\/\/vietnam.cmtpalau.org\/index.php?rest_route=\/wp\/v2\/pages\/945\/revisions\/973"}],"wp:attachment":[{"href":"https:\/\/vietnam.cmtpalau.org\/index.php?rest_route=%2Fwp%2Fv2%2Fmedia&parent=945"}],"curies":[{"name":"wp","href":"https:\/\/api.w.org\/{rel}","templated":true}]}}